{"id":8583,"date":"2017-10-25T16:42:56","date_gmt":"2017-10-25T16:42:56","guid":{"rendered":"http:\/\/localhost\/topline\/?page_id=8583"},"modified":"2017-11-23T12:17:27","modified_gmt":"2017-11-23T12:17:27","slug":"rreth-nesh","status":"publish","type":"page","link":"https:\/\/topline.al\/en\/rreth-nesh\/","title":{"rendered":"About us"},"content":{"rendered":"<div class=\"wpb-content-wrapper\"><p>[vc_row][vc_column][vc_column_text]&#8221;TOP LINE&#8221; shpk \u00ebsht\u00eb nj\u00eb nga t\u00eb parat kompani private shqiptaro-italiane q\u00eb merret me import-export dhe tregtim-montim t\u00eb mobiljeve t\u00eb gatshme p\u00ebr klient privat, kompani dhe ente publike.Qe prej vitit 2003 jemi aktive ne fushen e arredimit te ambjenteve te brendshme shtepi dhe zyra, si dhe te projektimit: duke vepruar me hapa te vegjel e duke u pershtatur dhe rritur klientelen ne mobilimin e shtepive ne Tirane fillimisht dhe ne rrethina e me pas edhe ne zona te tjera prestigjoze ku spikatin shtepite ne bregdetn shqipetar.TopLine \u00ebsht\u00eb gjithmon\u00eb n\u00eb k\u00ebrkim t\u00eb vazhduesh\u00ebm t\u00eb p\u00ebrmir\u00ebsimit t\u00eb cil\u00ebsis\u00eb dhe sh\u00ebrbimit, si objektiv kryesor i nevojsh\u00ebm p\u00ebr t\u00eb q\u00ebn\u00eb gjithmon\u00eb e pranishme n\u00eb treg dhe p\u00ebr t\u00eb k\u00ebnaqur n\u00eb terma t\u00eb shkurt\u00ebr k\u00ebrkesat e klientit. T\u00eb gjitha produktet tona jan\u00eb n\u00eb p\u00ebrputhje me direktivat e BE-s\u00eb. Ne kemi investuar p\u00ebr t\u00eb p\u00ebrmir\u00ebsuar profesionalizmin e punonj\u00ebsve tan\u00eb dhe v\u00ebmendje t\u00eb ve\u00e7ant\u00eb ka z\u00ebn\u00eb nevojat e ndryshme t\u00eb tregut.<\/p>\n<h4>\u00c7far\u00eb b\u00ebjme ne<\/h4>\n<p>Top Line mund te projektoje, realizoje dhe te kompletoje mobilimin e shtepive dhe zyrave me nje skuader te pergatitur ne kete fushe. Arkitektet dhe me pas tekniket e montimit bejne te mundur me ane te organizimit qe ka kjo kompani qe klientela te mbete gjithnje e kenaqur, shoqeruar kjo dhe me ngrohtesine qe ofron stafi dhe cmimet favorizuese. Ne ambientet e Top Line pervec Show Room-it qe ndryshon ne menyre dinamike do te gjeni nje game te gjere katalogjesh te firmave prodhuese nga me prestigjozet ne Itali po ashtu dhe te atyre qe jane me pak te njohura. Top Line merr persiper kombinimin e ketyre prodhimeve teresisht Italiane per te krijuar ambientin komfort te jeteses apo te aktivitetit te klienteles tone. Ky vizion e ben Top Line te jete ne gjendje ta realizoje me ambicie misionin qe jo vetem te shese mobilje por te projektoje per cilindo boten personale dhe cilitdo shtepine e endrrave.[\/vc_column_text][\/vc_column][\/vc_row]<\/p>\n<\/div>","protected":false},"excerpt":{"rendered":"<p>[vc_row][vc_column][vc_column_text]&#8221;TOP LINE&#8221; shpk \u00ebsht\u00eb nj\u00eb nga t\u00eb parat kompani private shqiptaro-italiane q\u00eb merret me import-export dhe tregtim-montim t\u00eb mobiljeve t\u00eb gatshme p\u00ebr klient privat, kompani dhe ente publike.Qe prej vitit 2003 jemi aktive ne fushen e arredimit te ambjenteve te [&hellip;]<\/p>\n","protected":false},"author":1,"featured_media":0,"parent":0,"menu_order":0,"comment_status":"closed","ping_status":"closed","template":"","meta":{"_monsterinsights_skip_tracking":false,"_monsterinsights_sitenote_active":false,"_monsterinsights_sitenote_note":"","_monsterinsights_sitenote_category":0,"ngg_post_thumbnail":0,"footnotes":""},"class_list":["post-8583","page","type-page","status-publish","hentry"],"_links":{"self":[{"href":"https:\/\/topline.al\/en\/wp-json\/wp\/v2\/pages\/8583"}],"collection":[{"href":"https:\/\/topline.al\/en\/wp-json\/wp\/v2\/pages"}],"about":[{"href":"https:\/\/topline.al\/en\/wp-json\/wp\/v2\/types\/page"}],"author":[{"embeddable":true,"href":"https:\/\/topline.al\/en\/wp-json\/wp\/v2\/users\/1"}],"replies":[{"embeddable":true,"href":"https:\/\/topline.al\/en\/wp-json\/wp\/v2\/comments?post=8583"}],"version-history":[{"count":5,"href":"https:\/\/topline.al\/en\/wp-json\/wp\/v2\/pages\/8583\/revisions"}],"predecessor-version":[{"id":10335,"href":"https:\/\/topline.al\/en\/wp-json\/wp\/v2\/pages\/8583\/revisions\/10335"}],"wp:attachment":[{"href":"https:\/\/topline.al\/en\/wp-json\/wp\/v2\/media?parent=8583"}],"curies":[{"name":"wp","href":"https:\/\/api.w.org\/{rel}","templated":true}]}}